{"id":996,"date":"2025-08-09T15:30:51","date_gmt":"2025-08-09T13:30:51","guid":{"rendered":"https:\/\/www.lespepinsdemilio.fr\/?post_type=product&#038;p=996"},"modified":"2025-08-09T15:30:52","modified_gmt":"2025-08-09T13:30:52","slug":"prune-sainte-catherine","status":"publish","type":"product","link":"https:\/\/www.lespepinsdemilio.fr\/index.php\/produit\/prune-sainte-catherine\/","title":{"rendered":"Prune Sainte Catherine"},"content":{"rendered":"<p><strong>Floraison:<\/strong> Avril<\/p>\n<p><strong>Fruit:<\/strong> <span style=\"color: #202020\"><span style=\"font-family: Georgia, DejaVu Serif, Norasi, serif\">prune ovale de calibre moyen, de couleur jaune franc sous la pruine, \u00e0 sillon peu marqu\u00e9. Chair jaune dor\u00e9e, mi-ferme, juteuse et tr\u00e8s sucr\u00e9e.<\/span><\/span><\/p>\n<p align=\"justify\"><span style=\"color: #202020\"><span style=\"font-family: inherit\"><span style=\"font-size: large\"><b><strong>Usages et qualit\u00e9<\/strong><\/b><\/span><\/span><\/span><span style=\"color: #202020\"><span style=\"font-family: Georgia, DejaVu Serif, Norasi, serif\">\u00a0: fruit de tr\u00e8s bonne qualit\u00e9 pouvant se croquer, se cuire ou se s\u00e9cher.<\/span><\/span><\/p>\n<p align=\"justify\"><span style=\"color: #202020\"><span style=\"font-family: inherit\"><span style=\"font-size: large\"><b><strong>R\u00e9colte<\/strong><\/b><\/span><\/span><\/span><span style=\"color: #202020\"><span style=\"font-family: Georgia, DejaVu Serif, Norasi, serif\">\u00a0: maturit\u00e9 de fin ao\u00fbt \u00e0 d\u00e9but septembre.<\/span><\/span><\/p>\n<p align=\"justify\"><span style=\"color: #202020\"><span style=\"font-family: inherit\"><span style=\"font-size: large\"><b><strong>Informations compl\u00e9mentaires<\/strong><\/b><\/span><\/span><\/span><span style=\"color: #202020\"><span style=\"font-family: Georgia, DejaVu Serif, Norasi, serif\">\u00a0: cette vari\u00e9t\u00e9 est \u00e9galement tr\u00e8s connue en Touraine d\u2019o\u00f9 elle pourrait \u00eatre originaire. <\/span><\/span><span style=\"color: #202020\"><span style=\"font-family: Georgia, DejaVu Serif, Norasi, serif\">Elle y \u00e9tait traditionnellement s\u00e9ch\u00e9e et diffus\u00e9e sous l\u2019appellation pruneau de Tours.<\/span><\/span><\/p>\n","protected":false},"excerpt":{"rendered":"<p>Floraison: Avril Fruit: prune ovale de calibre moyen, de couleur jaune franc sous la pruine, \u00e0 sillon peu marqu\u00e9. Chair jaune dor\u00e9e, mi-ferme, juteuse et tr\u00e8s sucr\u00e9e. Usages et qualit\u00e9\u00a0: fruit de tr\u00e8s bonne qualit\u00e9 pouvant se croquer, se cuire ou se s\u00e9cher. R\u00e9colte\u00a0: maturit\u00e9 de fin ao\u00fbt \u00e0 d\u00e9but septembre. Informations compl\u00e9mentaires\u00a0: cette vari\u00e9t\u00e9 [&hellip;]<\/p>\n","protected":false},"featured_media":997,"comment_status":"open","ping_status":"closed","template":"","meta":[],"product_brand":[],"product_cat":[15],"product_tag":[],"class_list":{"0":"post-996","1":"product","2":"type-product","3":"status-publish","4":"has-post-thumbnail","6":"product_cat-non-classe","8":"first","9":"instock","10":"shipping-taxable","11":"product-type-simple"},"_links":{"self":[{"href":"https:\/\/www.lespepinsdemilio.fr\/index.php\/wp-json\/wp\/v2\/product\/996","targetHints":{"allow":["GET"]}}],"collection":[{"href":"https:\/\/www.lespepinsdemilio.fr\/index.php\/wp-json\/wp\/v2\/product"}],"about":[{"href":"https:\/\/www.lespepinsdemilio.fr\/index.php\/wp-json\/wp\/v2\/types\/product"}],"replies":[{"embeddable":true,"href":"https:\/\/www.lespepinsdemilio.fr\/index.php\/wp-json\/wp\/v2\/comments?post=996"}],"version-history":[{"count":1,"href":"https:\/\/www.lespepinsdemilio.fr\/index.php\/wp-json\/wp\/v2\/product\/996\/revisions"}],"predecessor-version":[{"id":998,"href":"https:\/\/www.lespepinsdemilio.fr\/index.php\/wp-json\/wp\/v2\/product\/996\/revisions\/998"}],"wp:featuredmedia":[{"embeddable":true,"href":"https:\/\/www.lespepinsdemilio.fr\/index.php\/wp-json\/wp\/v2\/media\/997"}],"wp:attachment":[{"href":"https:\/\/www.lespepinsdemilio.fr\/index.php\/wp-json\/wp\/v2\/media?parent=996"}],"wp:term":[{"taxonomy":"product_brand","embeddable":true,"href":"https:\/\/www.lespepinsdemilio.fr\/index.php\/wp-json\/wp\/v2\/product_brand?post=996"},{"taxonomy":"product_cat","embeddable":true,"href":"https:\/\/www.lespepinsdemilio.fr\/index.php\/wp-json\/wp\/v2\/product_cat?post=996"},{"taxonomy":"product_tag","embeddable":true,"href":"https:\/\/www.lespepinsdemilio.fr\/index.php\/wp-json\/wp\/v2\/product_tag?post=996"}],"curies":[{"name":"wp","href":"https:\/\/api.w.org\/{rel}","templated":true}]}}