{"id":987,"date":"2025-08-09T14:58:29","date_gmt":"2025-08-09T12:58:29","guid":{"rendered":"https:\/\/www.lespepinsdemilio.fr\/?post_type=product&#038;p=987"},"modified":"2025-08-16T08:08:39","modified_gmt":"2025-08-16T06:08:39","slug":"prune-abricot-abricotine","status":"publish","type":"product","link":"https:\/\/www.lespepinsdemilio.fr\/index.php\/produit\/prune-abricot-abricotine\/","title":{"rendered":"Prune Abricot-Abricotine"},"content":{"rendered":"<p><strong>Floraison:<\/strong> Fin Mars \/ D\u00e9but Avril<\/p>\n<p><strong>R\u00e9colte:<\/strong> Fin Juillet \/ D\u00e9but Aout<\/p>\n<p><strong>Pollinisateur : <\/strong>Reine Claude Dor\u00e9e , Reine Claude Bavay<\/p>\n<p style=\"text-align: left\"><strong>Le Fruit:<\/strong> <span style=\"color: #626262\"><span style=\"font-family: Poppins, apple-system, BlinkMacSystemFont, Segoe UI, Roboto, Oxygen-Sans, Ubuntu, Cantarell, Helvetica Neue, sans-serif\"><span style=\"font-size: medium\">De table, prunes ovo\u00efdes \u00e0 la peau orang\u00e9e qui se colore <\/span><\/span><\/span><span style=\"font-size: medium;font-family: Poppins, apple-system, BlinkMacSystemFont, 'Segoe UI', Roboto, Oxygen-Sans, Ubuntu, Cantarell, 'Helvetica Neue', sans-serif;color: #626262\">de rouge pourpr\u00e9 au soleil, <\/span><\/p>\n<p style=\"text-align: left\"><span style=\"font-size: medium;font-family: Poppins, apple-system, BlinkMacSystemFont, 'Segoe UI', Roboto, Oxygen-Sans, Ubuntu, Cantarell, 'Helvetica Neue', sans-serif;color: #626262\"><strong>Le gout :<\/strong> chair jaune et ferme, <\/span><span style=\"color: #626262\"><span style=\"font-family: Poppins, apple-system, BlinkMacSystemFont, Segoe UI, Roboto, Oxygen-Sans, Ubuntu, Cantarell, Helvetica Neue, sans-serif\"><span style=\"font-size: medium\">juteuse, sucr\u00e9e, parfum\u00e9e et l\u00e9g\u00e8rement acidul\u00e9e, <\/span><\/span><\/span><\/p>\n<p style=\"text-align: left\"><span style=\"color: #626262\"><span style=\"font-family: Poppins, apple-system, BlinkMacSystemFont, Segoe UI, Roboto, Oxygen-Sans, Ubuntu, Cantarell, Helvetica Neue, sans-serif\"><span style=\"font-size: medium\">s<\/span><\/span><\/span><span style=\"color: #626262\"><span style=\"font-family: Poppins, apple-system, BlinkMacSystemFont, Segoe UI, Roboto, Oxygen-Sans, Ubuntu, Cantarell, Helvetica Neue, sans-serif\"><span style=\"font-size: medium\">on noyau se d\u00e9tache bien de la chair.<\/span><\/span><\/span><\/p>\n<p style=\"text-align: left\"><span style=\"color: #626262\"><span style=\"font-family: Poppins, apple-system, BlinkMacSystemFont, Segoe UI, Roboto, Oxygen-Sans, Ubuntu, Cantarell, Helvetica Neue, sans-serif\"><span style=\"font-size: medium\"><strong>Usage :<\/strong> Prune de table , confiture, p\u00e2tisserie\u00a0<\/span><\/span><\/span><\/p>\n","protected":false},"excerpt":{"rendered":"<p>Floraison: Fin Mars \/ D\u00e9but Avril R\u00e9colte: Fin Juillet \/ D\u00e9but Aout Pollinisateur : Reine Claude Dor\u00e9e , Reine Claude Bavay Le Fruit: De table, prunes ovo\u00efdes \u00e0 la peau orang\u00e9e qui se colore de rouge pourpr\u00e9 au soleil, Le gout : chair jaune et ferme, juteuse, sucr\u00e9e, parfum\u00e9e et l\u00e9g\u00e8rement acidul\u00e9e, son noyau se [&hellip;]<\/p>\n","protected":false},"featured_media":988,"comment_status":"open","ping_status":"closed","template":"","meta":[],"product_brand":[],"product_cat":[24],"product_tag":[],"class_list":{"0":"post-987","1":"product","2":"type-product","3":"status-publish","4":"has-post-thumbnail","6":"product_cat-pruniers","8":"first","9":"instock","10":"shipping-taxable","11":"product-type-simple"},"_links":{"self":[{"href":"https:\/\/www.lespepinsdemilio.fr\/index.php\/wp-json\/wp\/v2\/product\/987","targetHints":{"allow":["GET"]}}],"collection":[{"href":"https:\/\/www.lespepinsdemilio.fr\/index.php\/wp-json\/wp\/v2\/product"}],"about":[{"href":"https:\/\/www.lespepinsdemilio.fr\/index.php\/wp-json\/wp\/v2\/types\/product"}],"replies":[{"embeddable":true,"href":"https:\/\/www.lespepinsdemilio.fr\/index.php\/wp-json\/wp\/v2\/comments?post=987"}],"version-history":[{"count":5,"href":"https:\/\/www.lespepinsdemilio.fr\/index.php\/wp-json\/wp\/v2\/product\/987\/revisions"}],"predecessor-version":[{"id":1488,"href":"https:\/\/www.lespepinsdemilio.fr\/index.php\/wp-json\/wp\/v2\/product\/987\/revisions\/1488"}],"wp:featuredmedia":[{"embeddable":true,"href":"https:\/\/www.lespepinsdemilio.fr\/index.php\/wp-json\/wp\/v2\/media\/988"}],"wp:attachment":[{"href":"https:\/\/www.lespepinsdemilio.fr\/index.php\/wp-json\/wp\/v2\/media?parent=987"}],"wp:term":[{"taxonomy":"product_brand","embeddable":true,"href":"https:\/\/www.lespepinsdemilio.fr\/index.php\/wp-json\/wp\/v2\/product_brand?post=987"},{"taxonomy":"product_cat","embeddable":true,"href":"https:\/\/www.lespepinsdemilio.fr\/index.php\/wp-json\/wp\/v2\/product_cat?post=987"},{"taxonomy":"product_tag","embeddable":true,"href":"https:\/\/www.lespepinsdemilio.fr\/index.php\/wp-json\/wp\/v2\/product_tag?post=987"}],"curies":[{"name":"wp","href":"https:\/\/api.w.org\/{rel}","templated":true}]}}