{"id":968,"date":"2025-08-09T14:08:32","date_gmt":"2025-08-09T12:08:32","guid":{"rendered":"https:\/\/www.lespepinsdemilio.fr\/?post_type=product&#038;p=968"},"modified":"2025-10-25T09:08:27","modified_gmt":"2025-10-25T07:08:27","slug":"pelissier","status":"publish","type":"product","link":"https:\/\/www.lespepinsdemilio.fr\/index.php\/produit\/pelissier\/","title":{"rendered":"P\u00e9lissier"},"content":{"rendered":"<p><strong>Floraison:<\/strong> Fin Avril<\/p>\n<p><strong>R\u00e9colte<\/strong>: Mi Juin<\/p>\n<p><strong>Pollinisateur<\/strong> : G\u00e9ant d&rsquo;Hedelfingen<\/p>\n<p><strong>le Fruit:<\/strong> bigarreau rouge tr\u00e8s ferme au noyau libre<\/p>\n<p><strong>Le gout : <\/strong>Chair juteuse et sucr\u00e9e<\/p>\n<p><strong>Usage :<\/strong> Consommation en frais, transformation , Fruits \u00e0 l&rsquo;alcool<\/p>\n<p><strong>Le petit + <\/strong>: Jadis utilis\u00e9 pour la gnole<\/p>\n","protected":false},"excerpt":{"rendered":"<p>Floraison: Fin Avril R\u00e9colte: Mi Juin Pollinisateur : G\u00e9ant d&rsquo;Hedelfingen le Fruit: bigarreau rouge tr\u00e8s ferme au noyau libre Le gout : Chair juteuse et sucr\u00e9e Usage : Consommation en frais, transformation , Fruits \u00e0 l&rsquo;alcool Le petit + : Jadis utilis\u00e9 pour la gnole<\/p>\n","protected":false},"featured_media":969,"comment_status":"open","ping_status":"closed","template":"","meta":[],"product_brand":[],"product_cat":[22],"product_tag":[],"class_list":{"0":"post-968","1":"product","2":"type-product","3":"status-publish","4":"has-post-thumbnail","6":"product_cat-cerisiers","8":"first","9":"instock","10":"shipping-taxable","11":"product-type-simple"},"_links":{"self":[{"href":"https:\/\/www.lespepinsdemilio.fr\/index.php\/wp-json\/wp\/v2\/product\/968","targetHints":{"allow":["GET"]}}],"collection":[{"href":"https:\/\/www.lespepinsdemilio.fr\/index.php\/wp-json\/wp\/v2\/product"}],"about":[{"href":"https:\/\/www.lespepinsdemilio.fr\/index.php\/wp-json\/wp\/v2\/types\/product"}],"replies":[{"embeddable":true,"href":"https:\/\/www.lespepinsdemilio.fr\/index.php\/wp-json\/wp\/v2\/comments?post=968"}],"version-history":[{"count":5,"href":"https:\/\/www.lespepinsdemilio.fr\/index.php\/wp-json\/wp\/v2\/product\/968\/revisions"}],"predecessor-version":[{"id":1535,"href":"https:\/\/www.lespepinsdemilio.fr\/index.php\/wp-json\/wp\/v2\/product\/968\/revisions\/1535"}],"wp:featuredmedia":[{"embeddable":true,"href":"https:\/\/www.lespepinsdemilio.fr\/index.php\/wp-json\/wp\/v2\/media\/969"}],"wp:attachment":[{"href":"https:\/\/www.lespepinsdemilio.fr\/index.php\/wp-json\/wp\/v2\/media?parent=968"}],"wp:term":[{"taxonomy":"product_brand","embeddable":true,"href":"https:\/\/www.lespepinsdemilio.fr\/index.php\/wp-json\/wp\/v2\/product_brand?post=968"},{"taxonomy":"product_cat","embeddable":true,"href":"https:\/\/www.lespepinsdemilio.fr\/index.php\/wp-json\/wp\/v2\/product_cat?post=968"},{"taxonomy":"product_tag","embeddable":true,"href":"https:\/\/www.lespepinsdemilio.fr\/index.php\/wp-json\/wp\/v2\/product_tag?post=968"}],"curies":[{"name":"wp","href":"https:\/\/api.w.org\/{rel}","templated":true}]}}