{"id":882,"date":"2024-08-23T10:42:04","date_gmt":"2024-08-23T08:42:04","guid":{"rendered":"https:\/\/www.lespepinsdemilio.fr\/?post_type=product&#038;p=882"},"modified":"2025-08-16T11:53:38","modified_gmt":"2025-08-16T09:53:38","slug":"griotte","status":"publish","type":"product","link":"https:\/\/www.lespepinsdemilio.fr\/index.php\/produit\/griotte\/","title":{"rendered":"GRIOTTE"},"content":{"rendered":"<p>FLORAISON<\/p>\n<p>RECOLTE : JUILLET<\/p>\n<p>POLLINISATEUR : vari\u00e9t\u00e9 auto fertile<\/p>\n<p>Le Fruit : plut\u00f4t acide, destin\u00e9 \u00e0 la transformation<\/p>\n<p>Le Gout : Chair molle \u00e0 jus color\u00e9<\/p>\n<p>USAGE : Confiture, p\u00e2tisserie , distillerie<\/p>\n<p>Le petit + : les feuilles peuvent servir a la pr\u00e9paration du guignolet<\/p>\n<p>&nbsp;<\/p>\n","protected":false},"excerpt":{"rendered":"<p>FLORAISON RECOLTE : JUILLET POLLINISATEUR : vari\u00e9t\u00e9 auto fertile Le Fruit : plut\u00f4t acide, destin\u00e9 \u00e0 la transformation Le Gout : Chair molle \u00e0 jus color\u00e9 USAGE : Confiture, p\u00e2tisserie , distillerie Le petit + : les feuilles peuvent servir a la pr\u00e9paration du guignolet &nbsp;<\/p>\n","protected":false},"featured_media":902,"comment_status":"open","ping_status":"closed","template":"","meta":[],"product_brand":[],"product_cat":[22],"product_tag":[],"class_list":{"0":"post-882","1":"product","2":"type-product","3":"status-publish","4":"has-post-thumbnail","6":"product_cat-cerisiers","8":"first","9":"instock","10":"shipping-taxable","11":"product-type-simple"},"_links":{"self":[{"href":"https:\/\/www.lespepinsdemilio.fr\/index.php\/wp-json\/wp\/v2\/product\/882","targetHints":{"allow":["GET"]}}],"collection":[{"href":"https:\/\/www.lespepinsdemilio.fr\/index.php\/wp-json\/wp\/v2\/product"}],"about":[{"href":"https:\/\/www.lespepinsdemilio.fr\/index.php\/wp-json\/wp\/v2\/types\/product"}],"replies":[{"embeddable":true,"href":"https:\/\/www.lespepinsdemilio.fr\/index.php\/wp-json\/wp\/v2\/comments?post=882"}],"version-history":[{"count":4,"href":"https:\/\/www.lespepinsdemilio.fr\/index.php\/wp-json\/wp\/v2\/product\/882\/revisions"}],"predecessor-version":[{"id":1536,"href":"https:\/\/www.lespepinsdemilio.fr\/index.php\/wp-json\/wp\/v2\/product\/882\/revisions\/1536"}],"wp:featuredmedia":[{"embeddable":true,"href":"https:\/\/www.lespepinsdemilio.fr\/index.php\/wp-json\/wp\/v2\/media\/902"}],"wp:attachment":[{"href":"https:\/\/www.lespepinsdemilio.fr\/index.php\/wp-json\/wp\/v2\/media?parent=882"}],"wp:term":[{"taxonomy":"product_brand","embeddable":true,"href":"https:\/\/www.lespepinsdemilio.fr\/index.php\/wp-json\/wp\/v2\/product_brand?post=882"},{"taxonomy":"product_cat","embeddable":true,"href":"https:\/\/www.lespepinsdemilio.fr\/index.php\/wp-json\/wp\/v2\/product_cat?post=882"},{"taxonomy":"product_tag","embeddable":true,"href":"https:\/\/www.lespepinsdemilio.fr\/index.php\/wp-json\/wp\/v2\/product_tag?post=882"}],"curies":[{"name":"wp","href":"https:\/\/api.w.org\/{rel}","templated":true}]}}