{"id":880,"date":"2024-08-23T10:38:41","date_gmt":"2024-08-23T08:38:41","guid":{"rendered":"https:\/\/www.lespepinsdemilio.fr\/?post_type=product&#038;p=880"},"modified":"2025-08-16T11:55:58","modified_gmt":"2025-08-16T09:55:58","slug":"merveille","status":"publish","type":"product","link":"https:\/\/www.lespepinsdemilio.fr\/index.php\/produit\/merveille\/","title":{"rendered":"MERVEILLE"},"content":{"rendered":"<p><strong>FLORAISON<\/strong> : AVRIL<\/p>\n<p><strong>RECOLTE\u00a0<\/strong> : FIN JUIN<\/p>\n<p><strong>POLLINISATEUR :<\/strong> Coeur de pigeon &#8211; G\u00e9ant d&rsquo;Hedelfingen &#8211; Jaboulay<\/p>\n<p><strong>Le fruit\u00a0 : <\/strong>Bigarreau rouge de taille moyenne<\/p>\n<p><strong>Le gout\u00a0 \u00a0: <\/strong>chair ferme sucr\u00e9e et juteuse et tr\u00e8s parfum\u00e9e<\/p>\n<p><strong>USAGE\u00a0 :<\/strong> Consommation en frais, confiture , p\u00e2tisserie<\/p>\n<p>&nbsp;<\/p>\n<p>&nbsp;<\/p>\n<p>&nbsp;<\/p>\n<p>&nbsp;<\/p>\n","protected":false},"excerpt":{"rendered":"<p>FLORAISON : AVRIL RECOLTE\u00a0 : FIN JUIN POLLINISATEUR : Coeur de pigeon &#8211; G\u00e9ant d&rsquo;Hedelfingen &#8211; Jaboulay Le fruit\u00a0 : Bigarreau rouge de taille moyenne Le gout\u00a0 \u00a0: chair ferme sucr\u00e9e et juteuse et tr\u00e8s parfum\u00e9e USAGE\u00a0 : Consommation en frais, confiture , p\u00e2tisserie &nbsp; &nbsp; &nbsp; &nbsp;<\/p>\n","protected":false},"featured_media":904,"comment_status":"open","ping_status":"closed","template":"","meta":[],"product_brand":[],"product_cat":[22],"product_tag":[],"class_list":{"0":"post-880","1":"product","2":"type-product","3":"status-publish","4":"has-post-thumbnail","6":"product_cat-cerisiers","8":"first","9":"instock","10":"shipping-taxable","11":"product-type-simple"},"_links":{"self":[{"href":"https:\/\/www.lespepinsdemilio.fr\/index.php\/wp-json\/wp\/v2\/product\/880","targetHints":{"allow":["GET"]}}],"collection":[{"href":"https:\/\/www.lespepinsdemilio.fr\/index.php\/wp-json\/wp\/v2\/product"}],"about":[{"href":"https:\/\/www.lespepinsdemilio.fr\/index.php\/wp-json\/wp\/v2\/types\/product"}],"replies":[{"embeddable":true,"href":"https:\/\/www.lespepinsdemilio.fr\/index.php\/wp-json\/wp\/v2\/comments?post=880"}],"version-history":[{"count":6,"href":"https:\/\/www.lespepinsdemilio.fr\/index.php\/wp-json\/wp\/v2\/product\/880\/revisions"}],"predecessor-version":[{"id":1537,"href":"https:\/\/www.lespepinsdemilio.fr\/index.php\/wp-json\/wp\/v2\/product\/880\/revisions\/1537"}],"wp:featuredmedia":[{"embeddable":true,"href":"https:\/\/www.lespepinsdemilio.fr\/index.php\/wp-json\/wp\/v2\/media\/904"}],"wp:attachment":[{"href":"https:\/\/www.lespepinsdemilio.fr\/index.php\/wp-json\/wp\/v2\/media?parent=880"}],"wp:term":[{"taxonomy":"product_brand","embeddable":true,"href":"https:\/\/www.lespepinsdemilio.fr\/index.php\/wp-json\/wp\/v2\/product_brand?post=880"},{"taxonomy":"product_cat","embeddable":true,"href":"https:\/\/www.lespepinsdemilio.fr\/index.php\/wp-json\/wp\/v2\/product_cat?post=880"},{"taxonomy":"product_tag","embeddable":true,"href":"https:\/\/www.lespepinsdemilio.fr\/index.php\/wp-json\/wp\/v2\/product_tag?post=880"}],"curies":[{"name":"wp","href":"https:\/\/api.w.org\/{rel}","templated":true}]}}