{"id":878,"date":"2024-08-23T10:31:19","date_gmt":"2024-08-23T08:31:19","guid":{"rendered":"https:\/\/www.lespepinsdemilio.fr\/?post_type=product&#038;p=878"},"modified":"2025-08-16T11:59:28","modified_gmt":"2025-08-16T09:59:28","slug":"guillaume","status":"publish","type":"product","link":"https:\/\/www.lespepinsdemilio.fr\/index.php\/produit\/guillaume\/","title":{"rendered":"GUILLAUME"},"content":{"rendered":"<p><strong>FLORAISON<\/strong> : DEBUT AVRIL<\/p>\n<p><strong>RECOLTE :<\/strong>\u00a0 DEBUT JUIN<\/p>\n<p><strong>POLLINISATEUR :<\/strong> GEANT D&rsquo;HEDELFINGEN &#8211; NAPOLEON -BURLAT<\/p>\n<p><strong>LE FRUIT : <\/strong>Bigarreau rouge\u00a0 calibre moyen \u00e0 gros<\/p>\n<p><strong>LE GOUT: <\/strong>Juteux ,sucr\u00e9e et bien parfum\u00e9e<\/p>\n<p><strong>UTILISATION<\/strong> : Consommation en frais<\/p>\n<p><strong>Le petit +<\/strong> : fruit peu sensible \u00e0 l \u00e9clatement<\/p>\n<p>&nbsp;<\/p>\n<p>&nbsp;<\/p>\n","protected":false},"excerpt":{"rendered":"<p>FLORAISON : DEBUT AVRIL RECOLTE :\u00a0 DEBUT JUIN POLLINISATEUR : GEANT D&rsquo;HEDELFINGEN &#8211; NAPOLEON -BURLAT LE FRUIT : Bigarreau rouge\u00a0 calibre moyen \u00e0 gros LE GOUT: Juteux ,sucr\u00e9e et bien parfum\u00e9e UTILISATION : Consommation en frais Le petit + : fruit peu sensible \u00e0 l \u00e9clatement &nbsp; &nbsp;<\/p>\n","protected":false},"featured_media":906,"comment_status":"open","ping_status":"closed","template":"","meta":[],"product_brand":[],"product_cat":[22],"product_tag":[],"class_list":{"0":"post-878","1":"product","2":"type-product","3":"status-publish","4":"has-post-thumbnail","6":"product_cat-cerisiers","8":"first","9":"instock","10":"shipping-taxable","11":"product-type-simple"},"_links":{"self":[{"href":"https:\/\/www.lespepinsdemilio.fr\/index.php\/wp-json\/wp\/v2\/product\/878","targetHints":{"allow":["GET"]}}],"collection":[{"href":"https:\/\/www.lespepinsdemilio.fr\/index.php\/wp-json\/wp\/v2\/product"}],"about":[{"href":"https:\/\/www.lespepinsdemilio.fr\/index.php\/wp-json\/wp\/v2\/types\/product"}],"replies":[{"embeddable":true,"href":"https:\/\/www.lespepinsdemilio.fr\/index.php\/wp-json\/wp\/v2\/comments?post=878"}],"version-history":[{"count":5,"href":"https:\/\/www.lespepinsdemilio.fr\/index.php\/wp-json\/wp\/v2\/product\/878\/revisions"}],"predecessor-version":[{"id":1539,"href":"https:\/\/www.lespepinsdemilio.fr\/index.php\/wp-json\/wp\/v2\/product\/878\/revisions\/1539"}],"wp:featuredmedia":[{"embeddable":true,"href":"https:\/\/www.lespepinsdemilio.fr\/index.php\/wp-json\/wp\/v2\/media\/906"}],"wp:attachment":[{"href":"https:\/\/www.lespepinsdemilio.fr\/index.php\/wp-json\/wp\/v2\/media?parent=878"}],"wp:term":[{"taxonomy":"product_brand","embeddable":true,"href":"https:\/\/www.lespepinsdemilio.fr\/index.php\/wp-json\/wp\/v2\/product_brand?post=878"},{"taxonomy":"product_cat","embeddable":true,"href":"https:\/\/www.lespepinsdemilio.fr\/index.php\/wp-json\/wp\/v2\/product_cat?post=878"},{"taxonomy":"product_tag","embeddable":true,"href":"https:\/\/www.lespepinsdemilio.fr\/index.php\/wp-json\/wp\/v2\/product_tag?post=878"}],"curies":[{"name":"wp","href":"https:\/\/api.w.org\/{rel}","templated":true}]}}