{"id":876,"date":"2024-08-23T10:22:35","date_gmt":"2024-08-23T08:22:35","guid":{"rendered":"https:\/\/www.lespepinsdemilio.fr\/?post_type=product&#038;p=876"},"modified":"2025-08-16T17:18:56","modified_gmt":"2025-08-16T15:18:56","slug":"reverchon","status":"publish","type":"product","link":"https:\/\/www.lespepinsdemilio.fr\/index.php\/produit\/reverchon\/","title":{"rendered":"REVERCHON"},"content":{"rendered":"<p>FLORAISON : AVRIL<\/p>\n<p>RECOLTE:\u00a0 FIN JUIN<\/p>\n<p>UTILISATION : Consommation en frais, p\u00e2tisserie<\/p>\n<p>POLLINISATEUR : Burlat &#8211;\u00a0 G\u00e9ant D&rsquo;Hedelfingen<\/p>\n<p>bigarreau \u00e0 gros fruits qui r\u00e9sistent \u00e0 l&rsquo;\u00e9clatement<\/p>\n<p>chair ferme et parfum\u00e9e<\/p>\n<p>&nbsp;<\/p>\n","protected":false},"excerpt":{"rendered":"<p>FLORAISON : AVRIL RECOLTE:\u00a0 FIN JUIN UTILISATION : Consommation en frais, p\u00e2tisserie POLLINISATEUR : Burlat &#8211;\u00a0 G\u00e9ant D&rsquo;Hedelfingen bigarreau \u00e0 gros fruits qui r\u00e9sistent \u00e0 l&rsquo;\u00e9clatement chair ferme et parfum\u00e9e &nbsp;<\/p>\n","protected":false},"featured_media":907,"comment_status":"open","ping_status":"closed","template":"","meta":[],"product_brand":[],"product_cat":[22],"product_tag":[],"class_list":{"0":"post-876","1":"product","2":"type-product","3":"status-publish","4":"has-post-thumbnail","6":"product_cat-cerisiers","8":"first","9":"instock","10":"shipping-taxable","11":"product-type-simple"},"_links":{"self":[{"href":"https:\/\/www.lespepinsdemilio.fr\/index.php\/wp-json\/wp\/v2\/product\/876","targetHints":{"allow":["GET"]}}],"collection":[{"href":"https:\/\/www.lespepinsdemilio.fr\/index.php\/wp-json\/wp\/v2\/product"}],"about":[{"href":"https:\/\/www.lespepinsdemilio.fr\/index.php\/wp-json\/wp\/v2\/types\/product"}],"replies":[{"embeddable":true,"href":"https:\/\/www.lespepinsdemilio.fr\/index.php\/wp-json\/wp\/v2\/comments?post=876"}],"version-history":[{"count":3,"href":"https:\/\/www.lespepinsdemilio.fr\/index.php\/wp-json\/wp\/v2\/product\/876\/revisions"}],"predecessor-version":[{"id":1334,"href":"https:\/\/www.lespepinsdemilio.fr\/index.php\/wp-json\/wp\/v2\/product\/876\/revisions\/1334"}],"wp:featuredmedia":[{"embeddable":true,"href":"https:\/\/www.lespepinsdemilio.fr\/index.php\/wp-json\/wp\/v2\/media\/907"}],"wp:attachment":[{"href":"https:\/\/www.lespepinsdemilio.fr\/index.php\/wp-json\/wp\/v2\/media?parent=876"}],"wp:term":[{"taxonomy":"product_brand","embeddable":true,"href":"https:\/\/www.lespepinsdemilio.fr\/index.php\/wp-json\/wp\/v2\/product_brand?post=876"},{"taxonomy":"product_cat","embeddable":true,"href":"https:\/\/www.lespepinsdemilio.fr\/index.php\/wp-json\/wp\/v2\/product_cat?post=876"},{"taxonomy":"product_tag","embeddable":true,"href":"https:\/\/www.lespepinsdemilio.fr\/index.php\/wp-json\/wp\/v2\/product_tag?post=876"}],"curies":[{"name":"wp","href":"https:\/\/api.w.org\/{rel}","templated":true}]}}