{"id":841,"date":"2024-07-12T11:22:40","date_gmt":"2024-07-12T09:22:40","guid":{"rendered":"https:\/\/www.lespepinsdemilio.fr\/?post_type=product&#038;p=841"},"modified":"2025-08-16T08:58:42","modified_gmt":"2025-08-16T06:58:42","slug":"goutte-dor","status":"publish","type":"product","link":"https:\/\/www.lespepinsdemilio.fr\/index.php\/produit\/goutte-dor\/","title":{"rendered":"Goutte d&rsquo;or"},"content":{"rendered":"<p><strong>Floraison :\u00a0<\/strong><\/p>\n<p><strong>R\u00e9colte :<\/strong> Septembre<\/p>\n<p><strong>Pollinisateur :<\/strong> Ente , Reine Claude Bavay<\/p>\n<p><strong>Le fruit :<\/strong> Jaune allong\u00e9<\/p>\n<p><strong>Le Gout :<\/strong> chair tr\u00e8s juteuse, sucr\u00e9e et parfum\u00e9e<\/p>\n<p><strong>Usage :<\/strong> Prune de table , confiture , p\u00e2tisserie<\/p>\n<p><strong>Le petit + :<\/strong> prune de bonne conservation<\/p>\n<p>&nbsp;<\/p>\n<p>&nbsp;<\/p>\n<p>&nbsp;<\/p>\n","protected":false},"excerpt":{"rendered":"<p>Floraison :\u00a0 R\u00e9colte : Septembre Pollinisateur : Ente , Reine Claude Bavay Le fruit : Jaune allong\u00e9 Le Gout : chair tr\u00e8s juteuse, sucr\u00e9e et parfum\u00e9e Usage : Prune de table , confiture , p\u00e2tisserie Le petit + : prune de bonne conservation &nbsp; &nbsp; &nbsp;<\/p>\n","protected":false},"featured_media":842,"comment_status":"open","ping_status":"closed","template":"","meta":[],"product_brand":[],"product_cat":[24],"product_tag":[],"class_list":{"0":"post-841","1":"product","2":"type-product","3":"status-publish","4":"has-post-thumbnail","6":"product_cat-pruniers","8":"first","9":"instock","10":"shipping-taxable","11":"product-type-simple"},"_links":{"self":[{"href":"https:\/\/www.lespepinsdemilio.fr\/index.php\/wp-json\/wp\/v2\/product\/841","targetHints":{"allow":["GET"]}}],"collection":[{"href":"https:\/\/www.lespepinsdemilio.fr\/index.php\/wp-json\/wp\/v2\/product"}],"about":[{"href":"https:\/\/www.lespepinsdemilio.fr\/index.php\/wp-json\/wp\/v2\/types\/product"}],"replies":[{"embeddable":true,"href":"https:\/\/www.lespepinsdemilio.fr\/index.php\/wp-json\/wp\/v2\/comments?post=841"}],"version-history":[{"count":3,"href":"https:\/\/www.lespepinsdemilio.fr\/index.php\/wp-json\/wp\/v2\/product\/841\/revisions"}],"predecessor-version":[{"id":1506,"href":"https:\/\/www.lespepinsdemilio.fr\/index.php\/wp-json\/wp\/v2\/product\/841\/revisions\/1506"}],"wp:featuredmedia":[{"embeddable":true,"href":"https:\/\/www.lespepinsdemilio.fr\/index.php\/wp-json\/wp\/v2\/media\/842"}],"wp:attachment":[{"href":"https:\/\/www.lespepinsdemilio.fr\/index.php\/wp-json\/wp\/v2\/media?parent=841"}],"wp:term":[{"taxonomy":"product_brand","embeddable":true,"href":"https:\/\/www.lespepinsdemilio.fr\/index.php\/wp-json\/wp\/v2\/product_brand?post=841"},{"taxonomy":"product_cat","embeddable":true,"href":"https:\/\/www.lespepinsdemilio.fr\/index.php\/wp-json\/wp\/v2\/product_cat?post=841"},{"taxonomy":"product_tag","embeddable":true,"href":"https:\/\/www.lespepinsdemilio.fr\/index.php\/wp-json\/wp\/v2\/product_tag?post=841"}],"curies":[{"name":"wp","href":"https:\/\/api.w.org\/{rel}","templated":true}]}}