{"id":794,"date":"2024-07-11T16:48:07","date_gmt":"2024-07-11T14:48:07","guid":{"rendered":"https:\/\/www.lespepinsdemilio.fr\/?post_type=product&#038;p=794"},"modified":"2025-08-15T09:29:59","modified_gmt":"2025-08-15T07:29:59","slug":"reine-hortense","status":"publish","type":"product","link":"https:\/\/www.lespepinsdemilio.fr\/index.php\/produit\/reine-hortense\/","title":{"rendered":"Reine Hortense"},"content":{"rendered":"<p>FLORAISON : MI AVRIL<\/p>\n<p>RECOLTE : Fin juin &#8211; D\u00e9but juillet<\/p>\n<p>UTILISATION : Consommation en frais , p\u00e2tisserie<\/p>\n<p>POLLINISATEUR : &#8211; Montmorency<\/p>\n<p>Vari\u00e9t\u00e9 de cerise ( griottier )\u00a0 \u00e0 l&rsquo;\u00e9piderme ros\u00e2tre, le jus est clair<\/p>\n<p>Son go\u00fbt est sucr\u00e9 et acidul\u00e9.<\/p>\n<p>&nbsp;<\/p>\n<p>&nbsp;<\/p>\n","protected":false},"excerpt":{"rendered":"<p>FLORAISON : MI AVRIL RECOLTE : Fin juin &#8211; D\u00e9but juillet UTILISATION : Consommation en frais , p\u00e2tisserie POLLINISATEUR : &#8211; Montmorency Vari\u00e9t\u00e9 de cerise ( griottier )\u00a0 \u00e0 l&rsquo;\u00e9piderme ros\u00e2tre, le jus est clair Son go\u00fbt est sucr\u00e9 et acidul\u00e9. &nbsp; &nbsp;<\/p>\n","protected":false},"featured_media":795,"comment_status":"open","ping_status":"closed","template":"","meta":[],"product_brand":[],"product_cat":[22],"product_tag":[],"class_list":{"0":"post-794","1":"product","2":"type-product","3":"status-publish","4":"has-post-thumbnail","6":"product_cat-cerisiers","8":"first","9":"instock","10":"shipping-taxable","11":"product-type-simple"},"_links":{"self":[{"href":"https:\/\/www.lespepinsdemilio.fr\/index.php\/wp-json\/wp\/v2\/product\/794","targetHints":{"allow":["GET"]}}],"collection":[{"href":"https:\/\/www.lespepinsdemilio.fr\/index.php\/wp-json\/wp\/v2\/product"}],"about":[{"href":"https:\/\/www.lespepinsdemilio.fr\/index.php\/wp-json\/wp\/v2\/types\/product"}],"replies":[{"embeddable":true,"href":"https:\/\/www.lespepinsdemilio.fr\/index.php\/wp-json\/wp\/v2\/comments?post=794"}],"version-history":[{"count":4,"href":"https:\/\/www.lespepinsdemilio.fr\/index.php\/wp-json\/wp\/v2\/product\/794\/revisions"}],"predecessor-version":[{"id":1348,"href":"https:\/\/www.lespepinsdemilio.fr\/index.php\/wp-json\/wp\/v2\/product\/794\/revisions\/1348"}],"wp:featuredmedia":[{"embeddable":true,"href":"https:\/\/www.lespepinsdemilio.fr\/index.php\/wp-json\/wp\/v2\/media\/795"}],"wp:attachment":[{"href":"https:\/\/www.lespepinsdemilio.fr\/index.php\/wp-json\/wp\/v2\/media?parent=794"}],"wp:term":[{"taxonomy":"product_brand","embeddable":true,"href":"https:\/\/www.lespepinsdemilio.fr\/index.php\/wp-json\/wp\/v2\/product_brand?post=794"},{"taxonomy":"product_cat","embeddable":true,"href":"https:\/\/www.lespepinsdemilio.fr\/index.php\/wp-json\/wp\/v2\/product_cat?post=794"},{"taxonomy":"product_tag","embeddable":true,"href":"https:\/\/www.lespepinsdemilio.fr\/index.php\/wp-json\/wp\/v2\/product_tag?post=794"}],"curies":[{"name":"wp","href":"https:\/\/api.w.org\/{rel}","templated":true}]}}