{"id":791,"date":"2024-07-11T16:39:40","date_gmt":"2024-07-11T14:39:40","guid":{"rendered":"https:\/\/www.lespepinsdemilio.fr\/?post_type=product&#038;p=791"},"modified":"2025-08-15T09:36:47","modified_gmt":"2025-08-15T07:36:47","slug":"moreau","status":"publish","type":"product","link":"https:\/\/www.lespepinsdemilio.fr\/index.php\/produit\/moreau\/","title":{"rendered":"Moreau"},"content":{"rendered":"<p>FLORAISON : FIN MARS DEBUT AVRIL<\/p>\n<p>RECOLTE : D\u00e9but juin<\/p>\n<p>UTILISATION : Consommation en frais &#8211; transformation<\/p>\n<p>POLLINISATEUR : BURALAT &#8211; MARMOTTE &#8211; VAN &#8211; BURLAT<\/p>\n<p>Vari\u00e9t\u00e9 de bigarreau \u00a0rouges virant au noir \u00e0 maturit\u00e9<\/p>\n<p>Les cerises sont sucr\u00e9es, fermes, croquantes et r\u00e9siste bien \u00e0 l&rsquo;\u00e9clatement.<\/p>\n<p>Le petit + : Tr\u00e8s productif<\/p>\n<p>&nbsp;<\/p>\n","protected":false},"excerpt":{"rendered":"<p>FLORAISON : FIN MARS DEBUT AVRIL RECOLTE : D\u00e9but juin UTILISATION : Consommation en frais &#8211; transformation POLLINISATEUR : BURALAT &#8211; MARMOTTE &#8211; VAN &#8211; BURLAT Vari\u00e9t\u00e9 de bigarreau \u00a0rouges virant au noir \u00e0 maturit\u00e9 Les cerises sont sucr\u00e9es, fermes, croquantes et r\u00e9siste bien \u00e0 l&rsquo;\u00e9clatement. Le petit + : Tr\u00e8s productif &nbsp;<\/p>\n","protected":false},"featured_media":792,"comment_status":"open","ping_status":"closed","template":"","meta":[],"product_brand":[],"product_cat":[22],"product_tag":[],"class_list":{"0":"post-791","1":"product","2":"type-product","3":"status-publish","4":"has-post-thumbnail","6":"product_cat-cerisiers","8":"first","9":"instock","10":"shipping-taxable","11":"product-type-simple"},"_links":{"self":[{"href":"https:\/\/www.lespepinsdemilio.fr\/index.php\/wp-json\/wp\/v2\/product\/791","targetHints":{"allow":["GET"]}}],"collection":[{"href":"https:\/\/www.lespepinsdemilio.fr\/index.php\/wp-json\/wp\/v2\/product"}],"about":[{"href":"https:\/\/www.lespepinsdemilio.fr\/index.php\/wp-json\/wp\/v2\/types\/product"}],"replies":[{"embeddable":true,"href":"https:\/\/www.lespepinsdemilio.fr\/index.php\/wp-json\/wp\/v2\/comments?post=791"}],"version-history":[{"count":3,"href":"https:\/\/www.lespepinsdemilio.fr\/index.php\/wp-json\/wp\/v2\/product\/791\/revisions"}],"predecessor-version":[{"id":1350,"href":"https:\/\/www.lespepinsdemilio.fr\/index.php\/wp-json\/wp\/v2\/product\/791\/revisions\/1350"}],"wp:featuredmedia":[{"embeddable":true,"href":"https:\/\/www.lespepinsdemilio.fr\/index.php\/wp-json\/wp\/v2\/media\/792"}],"wp:attachment":[{"href":"https:\/\/www.lespepinsdemilio.fr\/index.php\/wp-json\/wp\/v2\/media?parent=791"}],"wp:term":[{"taxonomy":"product_brand","embeddable":true,"href":"https:\/\/www.lespepinsdemilio.fr\/index.php\/wp-json\/wp\/v2\/product_brand?post=791"},{"taxonomy":"product_cat","embeddable":true,"href":"https:\/\/www.lespepinsdemilio.fr\/index.php\/wp-json\/wp\/v2\/product_cat?post=791"},{"taxonomy":"product_tag","embeddable":true,"href":"https:\/\/www.lespepinsdemilio.fr\/index.php\/wp-json\/wp\/v2\/product_tag?post=791"}],"curies":[{"name":"wp","href":"https:\/\/api.w.org\/{rel}","templated":true}]}}