{"id":788,"date":"2024-07-11T16:35:42","date_gmt":"2024-07-11T14:35:42","guid":{"rendered":"https:\/\/www.lespepinsdemilio.fr\/?post_type=product&#038;p=788"},"modified":"2025-08-15T09:44:09","modified_gmt":"2025-08-15T07:44:09","slug":"belle-magnifique","status":"publish","type":"product","link":"https:\/\/www.lespepinsdemilio.fr\/index.php\/produit\/belle-magnifique\/","title":{"rendered":"Belle Magnifique"},"content":{"rendered":"<p>FLORAISON : MARS<\/p>\n<p>RECOLTE : MI JUILLET<\/p>\n<p>UTILISATION : Consommation en frais, transformation<\/p>\n<p>POLLINISATEUR : Mentionn\u00e9 comme auto fertile<\/p>\n<p>Fruits de gros calibre<\/p>\n<p>Cerise ( griotte ) tr\u00e8s juteuse au go\u00fbt sucr\u00e9 et un peu acidul\u00e9.<\/p>\n<p>&nbsp;<\/p>\n<p>&nbsp;<\/p>\n","protected":false},"excerpt":{"rendered":"<p>FLORAISON : MARS RECOLTE : MI JUILLET UTILISATION : Consommation en frais, transformation POLLINISATEUR : Mentionn\u00e9 comme auto fertile Fruits de gros calibre Cerise ( griotte ) tr\u00e8s juteuse au go\u00fbt sucr\u00e9 et un peu acidul\u00e9. &nbsp; &nbsp;<\/p>\n","protected":false},"featured_media":789,"comment_status":"open","ping_status":"closed","template":"","meta":[],"product_brand":[],"product_cat":[22],"product_tag":[],"class_list":{"0":"post-788","1":"product","2":"type-product","3":"status-publish","4":"has-post-thumbnail","6":"product_cat-cerisiers","8":"first","9":"instock","10":"shipping-taxable","11":"product-type-simple"},"_links":{"self":[{"href":"https:\/\/www.lespepinsdemilio.fr\/index.php\/wp-json\/wp\/v2\/product\/788","targetHints":{"allow":["GET"]}}],"collection":[{"href":"https:\/\/www.lespepinsdemilio.fr\/index.php\/wp-json\/wp\/v2\/product"}],"about":[{"href":"https:\/\/www.lespepinsdemilio.fr\/index.php\/wp-json\/wp\/v2\/types\/product"}],"replies":[{"embeddable":true,"href":"https:\/\/www.lespepinsdemilio.fr\/index.php\/wp-json\/wp\/v2\/comments?post=788"}],"version-history":[{"count":3,"href":"https:\/\/www.lespepinsdemilio.fr\/index.php\/wp-json\/wp\/v2\/product\/788\/revisions"}],"predecessor-version":[{"id":1352,"href":"https:\/\/www.lespepinsdemilio.fr\/index.php\/wp-json\/wp\/v2\/product\/788\/revisions\/1352"}],"wp:featuredmedia":[{"embeddable":true,"href":"https:\/\/www.lespepinsdemilio.fr\/index.php\/wp-json\/wp\/v2\/media\/789"}],"wp:attachment":[{"href":"https:\/\/www.lespepinsdemilio.fr\/index.php\/wp-json\/wp\/v2\/media?parent=788"}],"wp:term":[{"taxonomy":"product_brand","embeddable":true,"href":"https:\/\/www.lespepinsdemilio.fr\/index.php\/wp-json\/wp\/v2\/product_brand?post=788"},{"taxonomy":"product_cat","embeddable":true,"href":"https:\/\/www.lespepinsdemilio.fr\/index.php\/wp-json\/wp\/v2\/product_cat?post=788"},{"taxonomy":"product_tag","embeddable":true,"href":"https:\/\/www.lespepinsdemilio.fr\/index.php\/wp-json\/wp\/v2\/product_tag?post=788"}],"curies":[{"name":"wp","href":"https:\/\/api.w.org\/{rel}","templated":true}]}}