{"id":754,"date":"2024-07-11T15:54:27","date_gmt":"2024-07-11T13:54:27","guid":{"rendered":"https:\/\/www.lespepinsdemilio.fr\/?post_type=product&#038;p=754"},"modified":"2025-08-15T10:31:02","modified_gmt":"2025-08-15T08:31:02","slug":"trompe-geai","status":"publish","type":"product","link":"https:\/\/www.lespepinsdemilio.fr\/index.php\/produit\/trompe-geai\/","title":{"rendered":"Trompe Geai"},"content":{"rendered":"<p>FLORAISON :\u00a0 AVRIL<\/p>\n<p>RECOLTE : FIN JUIN<\/p>\n<p>UTILISATION : Consommation en frais<\/p>\n<p>POLLINISATEUR : Napol\u00e9on &#8211; Reverchon<\/p>\n<p>Vari\u00e9t\u00e9 de cerise blanche \u00e0 l&rsquo;\u00e9piderme jaune<\/p>\n<p>Chair claire , sucr\u00e9e et tr\u00e8s parfum\u00e9e<\/p>\n<p>Le petit + : Cerisier\u00a0 productif, vigoureux et rustique.<\/p>\n<p>&nbsp;<\/p>\n","protected":false},"excerpt":{"rendered":"<p>FLORAISON :\u00a0 AVRIL RECOLTE : FIN JUIN UTILISATION : Consommation en frais POLLINISATEUR : Napol\u00e9on &#8211; Reverchon Vari\u00e9t\u00e9 de cerise blanche \u00e0 l&rsquo;\u00e9piderme jaune Chair claire , sucr\u00e9e et tr\u00e8s parfum\u00e9e Le petit + : Cerisier\u00a0 productif, vigoureux et rustique. &nbsp;<\/p>\n","protected":false},"featured_media":757,"comment_status":"open","ping_status":"closed","template":"","meta":[],"product_brand":[],"product_cat":[22],"product_tag":[],"class_list":{"0":"post-754","1":"product","2":"type-product","3":"status-publish","4":"has-post-thumbnail","6":"product_cat-cerisiers","8":"first","9":"instock","10":"shipping-taxable","11":"product-type-simple"},"_links":{"self":[{"href":"https:\/\/www.lespepinsdemilio.fr\/index.php\/wp-json\/wp\/v2\/product\/754","targetHints":{"allow":["GET"]}}],"collection":[{"href":"https:\/\/www.lespepinsdemilio.fr\/index.php\/wp-json\/wp\/v2\/product"}],"about":[{"href":"https:\/\/www.lespepinsdemilio.fr\/index.php\/wp-json\/wp\/v2\/types\/product"}],"replies":[{"embeddable":true,"href":"https:\/\/www.lespepinsdemilio.fr\/index.php\/wp-json\/wp\/v2\/comments?post=754"}],"version-history":[{"count":4,"href":"https:\/\/www.lespepinsdemilio.fr\/index.php\/wp-json\/wp\/v2\/product\/754\/revisions"}],"predecessor-version":[{"id":1357,"href":"https:\/\/www.lespepinsdemilio.fr\/index.php\/wp-json\/wp\/v2\/product\/754\/revisions\/1357"}],"wp:featuredmedia":[{"embeddable":true,"href":"https:\/\/www.lespepinsdemilio.fr\/index.php\/wp-json\/wp\/v2\/media\/757"}],"wp:attachment":[{"href":"https:\/\/www.lespepinsdemilio.fr\/index.php\/wp-json\/wp\/v2\/media?parent=754"}],"wp:term":[{"taxonomy":"product_brand","embeddable":true,"href":"https:\/\/www.lespepinsdemilio.fr\/index.php\/wp-json\/wp\/v2\/product_brand?post=754"},{"taxonomy":"product_cat","embeddable":true,"href":"https:\/\/www.lespepinsdemilio.fr\/index.php\/wp-json\/wp\/v2\/product_cat?post=754"},{"taxonomy":"product_tag","embeddable":true,"href":"https:\/\/www.lespepinsdemilio.fr\/index.php\/wp-json\/wp\/v2\/product_tag?post=754"}],"curies":[{"name":"wp","href":"https:\/\/api.w.org\/{rel}","templated":true}]}}