{"id":751,"date":"2024-07-11T15:51:19","date_gmt":"2024-07-11T13:51:19","guid":{"rendered":"https:\/\/www.lespepinsdemilio.fr\/?post_type=product&#038;p=751"},"modified":"2025-08-15T10:32:21","modified_gmt":"2025-08-15T08:32:21","slug":"noire-du-soulie","status":"publish","type":"product","link":"https:\/\/www.lespepinsdemilio.fr\/index.php\/produit\/noire-du-soulie\/","title":{"rendered":"Noire du Souli\u00e9"},"content":{"rendered":"<p>Noire du Souli\u00e9 (vari\u00e9t\u00e9 locale non identifi\u00e9e):<\/p>\n<p>la derni\u00e8re \u00e0 m\u00fbrir, quasi-noire \u00e0 maturit\u00e9,<\/p>\n<p>maturit\u00e9 fin juillet<\/p>\n<p>sucr\u00e9e, cette vari\u00e9t\u00e9 peut s\u2019adapter jusqu\u2019\u00e0 700 m d\u2019altitude<\/p>\n","protected":false},"excerpt":{"rendered":"<p>Noire du Souli\u00e9 (vari\u00e9t\u00e9 locale non identifi\u00e9e): la derni\u00e8re \u00e0 m\u00fbrir, quasi-noire \u00e0 maturit\u00e9, maturit\u00e9 fin juillet sucr\u00e9e, cette vari\u00e9t\u00e9 peut s\u2019adapter jusqu\u2019\u00e0 700 m d\u2019altitude<\/p>\n","protected":false},"featured_media":752,"comment_status":"open","ping_status":"closed","template":"","meta":[],"product_brand":[],"product_cat":[22],"product_tag":[],"class_list":{"0":"post-751","1":"product","2":"type-product","3":"status-publish","4":"has-post-thumbnail","6":"product_cat-cerisiers","8":"first","9":"instock","10":"shipping-taxable","11":"product-type-simple"},"_links":{"self":[{"href":"https:\/\/www.lespepinsdemilio.fr\/index.php\/wp-json\/wp\/v2\/product\/751","targetHints":{"allow":["GET"]}}],"collection":[{"href":"https:\/\/www.lespepinsdemilio.fr\/index.php\/wp-json\/wp\/v2\/product"}],"about":[{"href":"https:\/\/www.lespepinsdemilio.fr\/index.php\/wp-json\/wp\/v2\/types\/product"}],"replies":[{"embeddable":true,"href":"https:\/\/www.lespepinsdemilio.fr\/index.php\/wp-json\/wp\/v2\/comments?post=751"}],"version-history":[{"count":1,"href":"https:\/\/www.lespepinsdemilio.fr\/index.php\/wp-json\/wp\/v2\/product\/751\/revisions"}],"predecessor-version":[{"id":753,"href":"https:\/\/www.lespepinsdemilio.fr\/index.php\/wp-json\/wp\/v2\/product\/751\/revisions\/753"}],"wp:featuredmedia":[{"embeddable":true,"href":"https:\/\/www.lespepinsdemilio.fr\/index.php\/wp-json\/wp\/v2\/media\/752"}],"wp:attachment":[{"href":"https:\/\/www.lespepinsdemilio.fr\/index.php\/wp-json\/wp\/v2\/media?parent=751"}],"wp:term":[{"taxonomy":"product_brand","embeddable":true,"href":"https:\/\/www.lespepinsdemilio.fr\/index.php\/wp-json\/wp\/v2\/product_brand?post=751"},{"taxonomy":"product_cat","embeddable":true,"href":"https:\/\/www.lespepinsdemilio.fr\/index.php\/wp-json\/wp\/v2\/product_cat?post=751"},{"taxonomy":"product_tag","embeddable":true,"href":"https:\/\/www.lespepinsdemilio.fr\/index.php\/wp-json\/wp\/v2\/product_tag?post=751"}],"curies":[{"name":"wp","href":"https:\/\/api.w.org\/{rel}","templated":true}]}}