{"id":520,"date":"2023-10-02T14:20:19","date_gmt":"2023-10-02T12:20:19","guid":{"rendered":"https:\/\/www.lespepinsdemilio.fr\/?post_type=product&#038;p=520"},"modified":"2025-08-16T09:03:56","modified_gmt":"2025-08-16T07:03:56","slug":"valor","status":"publish","type":"product","link":"https:\/\/www.lespepinsdemilio.fr\/index.php\/produit\/valor\/","title":{"rendered":"Valor"},"content":{"rendered":"<p><strong>Floraison :<\/strong><\/p>\n<p><strong>R\u00e9colte :<\/strong> Entre mi septembre et fin septembre<\/p>\n<p><strong>Pollinisateur :<\/strong> Reine Claude<\/p>\n<p><strong>Le fruit :<\/strong> Fruit violac\u00e9 rappelant les quetsches.<\/p>\n<p><strong>Le gout : <\/strong>Chair d\u00e9licieuse et sucr\u00e9e, aux parfums de reine Claude.<\/p>\n<p><strong>Usage :<\/strong> Prune de table, confiture , p\u00e2tisserie<\/p>\n<p><strong>Le petit +<\/strong> : Vari\u00e9t\u00e9 tardive, La petite derni\u00e8re de la saison<\/p>\n<p>&nbsp;<\/p>\n","protected":false},"excerpt":{"rendered":"<p>Floraison : R\u00e9colte : Entre mi septembre et fin septembre Pollinisateur : Reine Claude Le fruit : Fruit violac\u00e9 rappelant les quetsches. Le gout : Chair d\u00e9licieuse et sucr\u00e9e, aux parfums de reine Claude. Usage : Prune de table, confiture , p\u00e2tisserie Le petit + : Vari\u00e9t\u00e9 tardive, La petite derni\u00e8re de la saison &nbsp;<\/p>\n","protected":false},"featured_media":672,"comment_status":"open","ping_status":"closed","template":"","meta":[],"product_brand":[],"product_cat":[24],"product_tag":[],"class_list":{"0":"post-520","1":"product","2":"type-product","3":"status-publish","4":"has-post-thumbnail","6":"product_cat-pruniers","8":"first","9":"instock","10":"shipping-taxable","11":"product-type-simple"},"_links":{"self":[{"href":"https:\/\/www.lespepinsdemilio.fr\/index.php\/wp-json\/wp\/v2\/product\/520","targetHints":{"allow":["GET"]}}],"collection":[{"href":"https:\/\/www.lespepinsdemilio.fr\/index.php\/wp-json\/wp\/v2\/product"}],"about":[{"href":"https:\/\/www.lespepinsdemilio.fr\/index.php\/wp-json\/wp\/v2\/types\/product"}],"replies":[{"embeddable":true,"href":"https:\/\/www.lespepinsdemilio.fr\/index.php\/wp-json\/wp\/v2\/comments?post=520"}],"version-history":[{"count":3,"href":"https:\/\/www.lespepinsdemilio.fr\/index.php\/wp-json\/wp\/v2\/product\/520\/revisions"}],"predecessor-version":[{"id":1508,"href":"https:\/\/www.lespepinsdemilio.fr\/index.php\/wp-json\/wp\/v2\/product\/520\/revisions\/1508"}],"wp:featuredmedia":[{"embeddable":true,"href":"https:\/\/www.lespepinsdemilio.fr\/index.php\/wp-json\/wp\/v2\/media\/672"}],"wp:attachment":[{"href":"https:\/\/www.lespepinsdemilio.fr\/index.php\/wp-json\/wp\/v2\/media?parent=520"}],"wp:term":[{"taxonomy":"product_brand","embeddable":true,"href":"https:\/\/www.lespepinsdemilio.fr\/index.php\/wp-json\/wp\/v2\/product_brand?post=520"},{"taxonomy":"product_cat","embeddable":true,"href":"https:\/\/www.lespepinsdemilio.fr\/index.php\/wp-json\/wp\/v2\/product_cat?post=520"},{"taxonomy":"product_tag","embeddable":true,"href":"https:\/\/www.lespepinsdemilio.fr\/index.php\/wp-json\/wp\/v2\/product_tag?post=520"}],"curies":[{"name":"wp","href":"https:\/\/api.w.org\/{rel}","templated":true}]}}