{"id":219,"date":"2023-08-24T13:41:53","date_gmt":"2023-08-24T11:41:53","guid":{"rendered":"https:\/\/www.lespepinsdemilio.fr\/?post_type=product&#038;p=219"},"modified":"2025-08-16T09:30:37","modified_gmt":"2025-08-16T07:30:37","slug":"prune-dente","status":"publish","type":"product","link":"https:\/\/www.lespepinsdemilio.fr\/index.php\/produit\/prune-dente\/","title":{"rendered":"Prune d&rsquo;Ente"},"content":{"rendered":"<p><strong>Floraison<\/strong><\/p>\n<p><strong>R\u00e9colte :<\/strong> Mi\u00a0 Aout\/ D\u00e9but Septembre<\/p>\n<p><strong>Pollinisateur : <\/strong>AUTO FERTILE<\/p>\n<p><strong>Le fruit : <\/strong>fruits allong\u00e9s, rouge violac\u00e9.<\/p>\n<p><strong>Le gout :<\/strong> Leur chair est verd\u00e2tre, juteuse, tr\u00e8s sucr\u00e9e avec une pointe de cannelle.<\/p>\n<p><strong>Usage :<\/strong> Prune de table, confiture , p\u00e2tisserie<\/p>\n<p>Cette prune est la vari\u00e9t\u00e9 des pruneaux d&rsquo;Agen.Ils sont parfait en fruits s\u00e9ch\u00e9s.<\/p>\n<p><strong>Le petit +<\/strong> : Vigoureux, \u00e0 production abondante et r\u00e9guli\u00e8re,<\/p>\n<p>&nbsp;<\/p>\n<p>&nbsp;<\/p>\n<p>&nbsp;<\/p>\n","protected":false},"excerpt":{"rendered":"<p>Floraison R\u00e9colte : Mi\u00a0 Aout\/ D\u00e9but Septembre Pollinisateur : AUTO FERTILE Le fruit : fruits allong\u00e9s, rouge violac\u00e9. Le gout : Leur chair est verd\u00e2tre, juteuse, tr\u00e8s sucr\u00e9e avec une pointe de cannelle. Usage : Prune de table, confiture , p\u00e2tisserie Cette prune est la vari\u00e9t\u00e9 des pruneaux d&rsquo;Agen.Ils sont parfait en fruits s\u00e9ch\u00e9s. Le [&hellip;]<\/p>\n","protected":false},"featured_media":673,"comment_status":"open","ping_status":"closed","template":"","meta":[],"product_brand":[],"product_cat":[24],"product_tag":[],"class_list":{"0":"post-219","1":"product","2":"type-product","3":"status-publish","4":"has-post-thumbnail","6":"product_cat-pruniers","8":"first","9":"instock","10":"shipping-taxable","11":"product-type-simple"},"_links":{"self":[{"href":"https:\/\/www.lespepinsdemilio.fr\/index.php\/wp-json\/wp\/v2\/product\/219","targetHints":{"allow":["GET"]}}],"collection":[{"href":"https:\/\/www.lespepinsdemilio.fr\/index.php\/wp-json\/wp\/v2\/product"}],"about":[{"href":"https:\/\/www.lespepinsdemilio.fr\/index.php\/wp-json\/wp\/v2\/types\/product"}],"replies":[{"embeddable":true,"href":"https:\/\/www.lespepinsdemilio.fr\/index.php\/wp-json\/wp\/v2\/comments?post=219"}],"version-history":[{"count":4,"href":"https:\/\/www.lespepinsdemilio.fr\/index.php\/wp-json\/wp\/v2\/product\/219\/revisions"}],"predecessor-version":[{"id":1512,"href":"https:\/\/www.lespepinsdemilio.fr\/index.php\/wp-json\/wp\/v2\/product\/219\/revisions\/1512"}],"wp:featuredmedia":[{"embeddable":true,"href":"https:\/\/www.lespepinsdemilio.fr\/index.php\/wp-json\/wp\/v2\/media\/673"}],"wp:attachment":[{"href":"https:\/\/www.lespepinsdemilio.fr\/index.php\/wp-json\/wp\/v2\/media?parent=219"}],"wp:term":[{"taxonomy":"product_brand","embeddable":true,"href":"https:\/\/www.lespepinsdemilio.fr\/index.php\/wp-json\/wp\/v2\/product_brand?post=219"},{"taxonomy":"product_cat","embeddable":true,"href":"https:\/\/www.lespepinsdemilio.fr\/index.php\/wp-json\/wp\/v2\/product_cat?post=219"},{"taxonomy":"product_tag","embeddable":true,"href":"https:\/\/www.lespepinsdemilio.fr\/index.php\/wp-json\/wp\/v2\/product_tag?post=219"}],"curies":[{"name":"wp","href":"https:\/\/api.w.org\/{rel}","templated":true}]}}