{"id":209,"date":"2023-08-24T13:29:34","date_gmt":"2023-08-24T11:29:34","guid":{"rendered":"https:\/\/www.lespepinsdemilio.fr\/?post_type=product&#038;p=209"},"modified":"2025-08-16T09:35:40","modified_gmt":"2025-08-16T07:35:40","slug":"reine-claude-doree","status":"publish","type":"product","link":"https:\/\/www.lespepinsdemilio.fr\/index.php\/produit\/reine-claude-doree\/","title":{"rendered":"Reine Claude Dor\u00e9e"},"content":{"rendered":"<p><strong>Floraison<\/strong><\/p>\n<p><strong>R\u00e9colte<\/strong> : Au cours du mois d&rsquo;Aout<\/p>\n<p><strong>Pollinisateur<\/strong> : Reine Claude Bavay, Reine Claude d &lsquo;Oullins, Mirabelle de Nancy, Ente , Quetsche<\/p>\n<p><strong>Le fruit<\/strong> : Fruit de taille moyenne , a l \u00e9piderme jaune vert qui devient dor\u00e9 \u00e0 maturit\u00e9<\/p>\n<p><strong>Le gout<\/strong> : Chair fine ,juteuse sucr\u00e9e et agr\u00e9ablement parfum\u00e9e<\/p>\n<p><strong>Usage :<\/strong> Prune de table, confiture , p\u00e2tisserie<\/p>\n<p>&nbsp;<\/p>\n<p>&nbsp;<\/p>\n","protected":false},"excerpt":{"rendered":"<p>Floraison R\u00e9colte : Au cours du mois d&rsquo;Aout Pollinisateur : Reine Claude Bavay, Reine Claude d &lsquo;Oullins, Mirabelle de Nancy, Ente , Quetsche Le fruit : Fruit de taille moyenne , a l \u00e9piderme jaune vert qui devient dor\u00e9 \u00e0 maturit\u00e9 Le gout : Chair fine ,juteuse sucr\u00e9e et agr\u00e9ablement parfum\u00e9e Usage : Prune de [&hellip;]<\/p>\n","protected":false},"featured_media":669,"comment_status":"open","ping_status":"closed","template":"","meta":[],"product_brand":[],"product_cat":[24],"product_tag":[],"class_list":{"0":"post-209","1":"product","2":"type-product","3":"status-publish","4":"has-post-thumbnail","6":"product_cat-pruniers","8":"first","9":"instock","10":"shipping-taxable","11":"product-type-simple"},"_links":{"self":[{"href":"https:\/\/www.lespepinsdemilio.fr\/index.php\/wp-json\/wp\/v2\/product\/209","targetHints":{"allow":["GET"]}}],"collection":[{"href":"https:\/\/www.lespepinsdemilio.fr\/index.php\/wp-json\/wp\/v2\/product"}],"about":[{"href":"https:\/\/www.lespepinsdemilio.fr\/index.php\/wp-json\/wp\/v2\/types\/product"}],"replies":[{"embeddable":true,"href":"https:\/\/www.lespepinsdemilio.fr\/index.php\/wp-json\/wp\/v2\/comments?post=209"}],"version-history":[{"count":3,"href":"https:\/\/www.lespepinsdemilio.fr\/index.php\/wp-json\/wp\/v2\/product\/209\/revisions"}],"predecessor-version":[{"id":1514,"href":"https:\/\/www.lespepinsdemilio.fr\/index.php\/wp-json\/wp\/v2\/product\/209\/revisions\/1514"}],"wp:featuredmedia":[{"embeddable":true,"href":"https:\/\/www.lespepinsdemilio.fr\/index.php\/wp-json\/wp\/v2\/media\/669"}],"wp:attachment":[{"href":"https:\/\/www.lespepinsdemilio.fr\/index.php\/wp-json\/wp\/v2\/media?parent=209"}],"wp:term":[{"taxonomy":"product_brand","embeddable":true,"href":"https:\/\/www.lespepinsdemilio.fr\/index.php\/wp-json\/wp\/v2\/product_brand?post=209"},{"taxonomy":"product_cat","embeddable":true,"href":"https:\/\/www.lespepinsdemilio.fr\/index.php\/wp-json\/wp\/v2\/product_cat?post=209"},{"taxonomy":"product_tag","embeddable":true,"href":"https:\/\/www.lespepinsdemilio.fr\/index.php\/wp-json\/wp\/v2\/product_tag?post=209"}],"curies":[{"name":"wp","href":"https:\/\/api.w.org\/{rel}","templated":true}]}}