{"id":1768,"date":"2025-09-02T10:20:10","date_gmt":"2025-09-02T08:20:10","guid":{"rendered":"https:\/\/www.lespepinsdemilio.fr\/?post_type=product&#038;p=1768"},"modified":"2025-10-01T08:46:35","modified_gmt":"2025-10-01T06:46:35","slug":"noisetier-tonda-di-giffoni","status":"publish","type":"product","link":"https:\/\/www.lespepinsdemilio.fr\/index.php\/produit\/noisetier-tonda-di-giffoni\/","title":{"rendered":"Noisetier TONDA DI GIFFONI"},"content":{"rendered":"<p><strong>Floraison :\u00a0<\/strong><\/p>\n<p><strong>R\u00e9colte :<\/strong> Septembre<\/p>\n<p><strong>Pollinisateur: <\/strong>Segorbe &#8211; Fertile de Coutard<\/p>\n<p><strong>Utilisation : <\/strong>Excellente consomm\u00e9e fraiche , elle est aussi tr\u00e8s pris\u00e9e pour la confiserie et p\u00e2tisserie car elle s&rsquo;\u00e9monde tr\u00e8s facilement<\/p>\n<p><strong>Le fruit :<\/strong> Fruit calibre\u00a0 moyen de forme ronde<\/p>\n<p><strong>Le go\u00fbt : <\/strong>Chair sucr\u00e9e et parfum\u00e9e<\/p>\n<p><strong>Le petit + : <\/strong>Bonne tol\u00e9rance \u00e0 la chaleur<\/p>\n","protected":false},"excerpt":{"rendered":"<p>Floraison :\u00a0 R\u00e9colte : Septembre Pollinisateur: Segorbe &#8211; Fertile de Coutard Utilisation : Excellente consomm\u00e9e fraiche , elle est aussi tr\u00e8s pris\u00e9e pour la confiserie et p\u00e2tisserie car elle s&rsquo;\u00e9monde tr\u00e8s facilement Le fruit : Fruit calibre\u00a0 moyen de forme ronde Le go\u00fbt : Chair sucr\u00e9e et parfum\u00e9e Le petit + : Bonne tol\u00e9rance \u00e0 [&hellip;]<\/p>\n","protected":false},"featured_media":1761,"comment_status":"closed","ping_status":"closed","template":"","meta":[],"product_brand":[],"product_cat":[46],"product_tag":[],"class_list":{"0":"post-1768","1":"product","2":"type-product","3":"status-publish","4":"has-post-thumbnail","6":"product_cat-noisetiers","8":"first","9":"instock","10":"shipping-taxable","11":"product-type-simple"},"_links":{"self":[{"href":"https:\/\/www.lespepinsdemilio.fr\/index.php\/wp-json\/wp\/v2\/product\/1768","targetHints":{"allow":["GET"]}}],"collection":[{"href":"https:\/\/www.lespepinsdemilio.fr\/index.php\/wp-json\/wp\/v2\/product"}],"about":[{"href":"https:\/\/www.lespepinsdemilio.fr\/index.php\/wp-json\/wp\/v2\/types\/product"}],"replies":[{"embeddable":true,"href":"https:\/\/www.lespepinsdemilio.fr\/index.php\/wp-json\/wp\/v2\/comments?post=1768"}],"version-history":[{"count":1,"href":"https:\/\/www.lespepinsdemilio.fr\/index.php\/wp-json\/wp\/v2\/product\/1768\/revisions"}],"predecessor-version":[{"id":1769,"href":"https:\/\/www.lespepinsdemilio.fr\/index.php\/wp-json\/wp\/v2\/product\/1768\/revisions\/1769"}],"wp:featuredmedia":[{"embeddable":true,"href":"https:\/\/www.lespepinsdemilio.fr\/index.php\/wp-json\/wp\/v2\/media\/1761"}],"wp:attachment":[{"href":"https:\/\/www.lespepinsdemilio.fr\/index.php\/wp-json\/wp\/v2\/media?parent=1768"}],"wp:term":[{"taxonomy":"product_brand","embeddable":true,"href":"https:\/\/www.lespepinsdemilio.fr\/index.php\/wp-json\/wp\/v2\/product_brand?post=1768"},{"taxonomy":"product_cat","embeddable":true,"href":"https:\/\/www.lespepinsdemilio.fr\/index.php\/wp-json\/wp\/v2\/product_cat?post=1768"},{"taxonomy":"product_tag","embeddable":true,"href":"https:\/\/www.lespepinsdemilio.fr\/index.php\/wp-json\/wp\/v2\/product_tag?post=1768"}],"curies":[{"name":"wp","href":"https:\/\/api.w.org\/{rel}","templated":true}]}}