{"id":1765,"date":"2025-09-02T10:11:15","date_gmt":"2025-09-02T08:11:15","guid":{"rendered":"https:\/\/www.lespepinsdemilio.fr\/?post_type=product&#038;p=1765"},"modified":"2025-09-02T10:21:05","modified_gmt":"2025-09-02T08:21:05","slug":"noisetier-corabel-2","status":"publish","type":"product","link":"https:\/\/www.lespepinsdemilio.fr\/index.php\/produit\/noisetier-corabel-2\/","title":{"rendered":"Noisetier CORABEL"},"content":{"rendered":"<p><strong>Floraison : <\/strong>Tardive ( Mars)<\/p>\n<p><strong>R\u00e9colte :<\/strong> Fin Septembre &#8211; D\u00e9but Octobre<\/p>\n<p><strong>Pollinisateur:\u00a0 <\/strong>Segorbe -Merveille de Bollwiller<\/p>\n<p><strong>Utilisation : <\/strong>Excellente consomm\u00e9e fraiche , elle peut aussi se conserver plusieurs mois ( stockage au frais et au sec )<\/p>\n<p><strong>Le fruit :<\/strong> Fruit moyen \u00e0 gros de forme ronde<\/p>\n<p><strong>Le go\u00fbt : <\/strong>Chair ferme, sucr\u00e9e et parfum\u00e9e<\/p>\n<p><strong>Le petit + : <\/strong>Vari\u00e9t\u00e9 tr\u00e8s productive et rustique<\/p>\n","protected":false},"excerpt":{"rendered":"<p>Floraison : Tardive ( Mars) R\u00e9colte : Fin Septembre &#8211; D\u00e9but Octobre Pollinisateur:\u00a0 Segorbe -Merveille de Bollwiller Utilisation : Excellente consomm\u00e9e fraiche , elle peut aussi se conserver plusieurs mois ( stockage au frais et au sec ) Le fruit : Fruit moyen \u00e0 gros de forme ronde Le go\u00fbt : Chair ferme, sucr\u00e9e et [&hellip;]<\/p>\n","protected":false},"featured_media":1761,"comment_status":"closed","ping_status":"closed","template":"","meta":[],"product_brand":[],"product_cat":[46],"product_tag":[],"class_list":{"0":"post-1765","1":"product","2":"type-product","3":"status-publish","4":"has-post-thumbnail","6":"product_cat-noisetiers","8":"first","9":"instock","10":"shipping-taxable","11":"product-type-simple"},"_links":{"self":[{"href":"https:\/\/www.lespepinsdemilio.fr\/index.php\/wp-json\/wp\/v2\/product\/1765","targetHints":{"allow":["GET"]}}],"collection":[{"href":"https:\/\/www.lespepinsdemilio.fr\/index.php\/wp-json\/wp\/v2\/product"}],"about":[{"href":"https:\/\/www.lespepinsdemilio.fr\/index.php\/wp-json\/wp\/v2\/types\/product"}],"replies":[{"embeddable":true,"href":"https:\/\/www.lespepinsdemilio.fr\/index.php\/wp-json\/wp\/v2\/comments?post=1765"}],"version-history":[{"count":1,"href":"https:\/\/www.lespepinsdemilio.fr\/index.php\/wp-json\/wp\/v2\/product\/1765\/revisions"}],"predecessor-version":[{"id":1767,"href":"https:\/\/www.lespepinsdemilio.fr\/index.php\/wp-json\/wp\/v2\/product\/1765\/revisions\/1767"}],"wp:featuredmedia":[{"embeddable":true,"href":"https:\/\/www.lespepinsdemilio.fr\/index.php\/wp-json\/wp\/v2\/media\/1761"}],"wp:attachment":[{"href":"https:\/\/www.lespepinsdemilio.fr\/index.php\/wp-json\/wp\/v2\/media?parent=1765"}],"wp:term":[{"taxonomy":"product_brand","embeddable":true,"href":"https:\/\/www.lespepinsdemilio.fr\/index.php\/wp-json\/wp\/v2\/product_brand?post=1765"},{"taxonomy":"product_cat","embeddable":true,"href":"https:\/\/www.lespepinsdemilio.fr\/index.php\/wp-json\/wp\/v2\/product_cat?post=1765"},{"taxonomy":"product_tag","embeddable":true,"href":"https:\/\/www.lespepinsdemilio.fr\/index.php\/wp-json\/wp\/v2\/product_tag?post=1765"}],"curies":[{"name":"wp","href":"https:\/\/api.w.org\/{rel}","templated":true}]}}