{"id":1760,"date":"2025-09-02T09:59:02","date_gmt":"2025-09-02T07:59:02","guid":{"rendered":"https:\/\/www.lespepinsdemilio.fr\/?post_type=product&#038;p=1760"},"modified":"2025-09-02T10:08:01","modified_gmt":"2025-09-02T08:08:01","slug":"noisetier-corabel","status":"publish","type":"product","link":"https:\/\/www.lespepinsdemilio.fr\/index.php\/produit\/noisetier-corabel\/","title":{"rendered":"Noisetier SEGORBE"},"content":{"rendered":"<p><strong>Floraison : Tardive ( Mars)<\/strong><\/p>\n<p><strong>R\u00e9colte :<\/strong> Septembre<\/p>\n<p><strong>Pollinisateur:\u00a0 <\/strong>Merveille de Bollwiller &#8211; longue d&rsquo;Espagne &#8211; Corabel- Pawetet<\/p>\n<p><strong>Utilisation : <\/strong>Excellente consomm\u00e9e fraiche , elle peut aussi se conserver plusieurs mois ( stockage au frais et au sec )<\/p>\n<p><strong>Le fruit :<\/strong> Fruit moyen \u00e0 gros de forme ronde<\/p>\n<p><strong>Le go\u00fbt : <\/strong>Chair ferme, sucr\u00e9e<\/p>\n<p><strong>Le petit + : <\/strong>Vari\u00e9t\u00e9 tr\u00e8s productive et rustique<\/p>\n","protected":false},"excerpt":{"rendered":"<p>Floraison : Tardive ( Mars) R\u00e9colte : Septembre Pollinisateur:\u00a0 Merveille de Bollwiller &#8211; longue d&rsquo;Espagne &#8211; Corabel- Pawetet Utilisation : Excellente consomm\u00e9e fraiche , elle peut aussi se conserver plusieurs mois ( stockage au frais et au sec ) Le fruit : Fruit moyen \u00e0 gros de forme ronde Le go\u00fbt : Chair ferme, sucr\u00e9e [&hellip;]<\/p>\n","protected":false},"featured_media":1761,"comment_status":"closed","ping_status":"closed","template":"","meta":[],"product_brand":[],"product_cat":[46],"product_tag":[],"class_list":{"0":"post-1760","1":"product","2":"type-product","3":"status-publish","4":"has-post-thumbnail","6":"product_cat-noisetiers","8":"first","9":"instock","10":"shipping-taxable","11":"product-type-simple"},"_links":{"self":[{"href":"https:\/\/www.lespepinsdemilio.fr\/index.php\/wp-json\/wp\/v2\/product\/1760","targetHints":{"allow":["GET"]}}],"collection":[{"href":"https:\/\/www.lespepinsdemilio.fr\/index.php\/wp-json\/wp\/v2\/product"}],"about":[{"href":"https:\/\/www.lespepinsdemilio.fr\/index.php\/wp-json\/wp\/v2\/types\/product"}],"replies":[{"embeddable":true,"href":"https:\/\/www.lespepinsdemilio.fr\/index.php\/wp-json\/wp\/v2\/comments?post=1760"}],"version-history":[{"count":3,"href":"https:\/\/www.lespepinsdemilio.fr\/index.php\/wp-json\/wp\/v2\/product\/1760\/revisions"}],"predecessor-version":[{"id":1764,"href":"https:\/\/www.lespepinsdemilio.fr\/index.php\/wp-json\/wp\/v2\/product\/1760\/revisions\/1764"}],"wp:featuredmedia":[{"embeddable":true,"href":"https:\/\/www.lespepinsdemilio.fr\/index.php\/wp-json\/wp\/v2\/media\/1761"}],"wp:attachment":[{"href":"https:\/\/www.lespepinsdemilio.fr\/index.php\/wp-json\/wp\/v2\/media?parent=1760"}],"wp:term":[{"taxonomy":"product_brand","embeddable":true,"href":"https:\/\/www.lespepinsdemilio.fr\/index.php\/wp-json\/wp\/v2\/product_brand?post=1760"},{"taxonomy":"product_cat","embeddable":true,"href":"https:\/\/www.lespepinsdemilio.fr\/index.php\/wp-json\/wp\/v2\/product_cat?post=1760"},{"taxonomy":"product_tag","embeddable":true,"href":"https:\/\/www.lespepinsdemilio.fr\/index.php\/wp-json\/wp\/v2\/product_tag?post=1760"}],"curies":[{"name":"wp","href":"https:\/\/api.w.org\/{rel}","templated":true}]}}