{"id":147,"date":"2023-08-12T14:30:45","date_gmt":"2023-08-12T12:30:45","guid":{"rendered":"https:\/\/www.lespepinsdemilio.fr\/?post_type=product&#038;p=147"},"modified":"2025-08-15T10:38:44","modified_gmt":"2025-08-15T08:38:44","slug":"noire-de-meched","status":"publish","type":"product","link":"https:\/\/www.lespepinsdemilio.fr\/index.php\/produit\/noire-de-meched\/","title":{"rendered":"Noire de Meched"},"content":{"rendered":"<p>FLORAISON : AVRIL<\/p>\n<p>RECOLTE : FIN JUIN \u00e0 MI JUILLET<\/p>\n<p>UTILISATION : Consommation en frais, confiture, p\u00e2tisserie<\/p>\n<p>POLLINISATEUR : Burlat &#8211; G\u00e9ant d&rsquo;Hedelfingen<\/p>\n<p>Sans doute l&rsquo;une des meilleures vari\u00e9t\u00e9s de cerises bigarreau,<\/p>\n<p>C&rsquo;est une\u00a0 vari\u00e9t\u00e9 ancienne ,originaire d&rsquo;Iran<\/p>\n<p>Gros BIGARREAU\u00a0 rouge pourpre,<\/p>\n<p>Chair fondante et croquante, juteuse et sucr\u00e9e.<\/p>\n<p>Le petit + : Vari\u00e9t\u00e9 tr\u00e8s productive et r\u00e9sistante au froid<\/p>\n","protected":false},"excerpt":{"rendered":"<p>FLORAISON : AVRIL RECOLTE : FIN JUIN \u00e0 MI JUILLET UTILISATION : Consommation en frais, confiture, p\u00e2tisserie POLLINISATEUR : Burlat &#8211; G\u00e9ant d&rsquo;Hedelfingen Sans doute l&rsquo;une des meilleures vari\u00e9t\u00e9s de cerises bigarreau, C&rsquo;est une\u00a0 vari\u00e9t\u00e9 ancienne ,originaire d&rsquo;Iran Gros BIGARREAU\u00a0 rouge pourpre, Chair fondante et croquante, juteuse et sucr\u00e9e. Le petit + : Vari\u00e9t\u00e9 tr\u00e8s [&hellip;]<\/p>\n","protected":false},"featured_media":637,"comment_status":"open","ping_status":"closed","template":"","meta":[],"product_brand":[],"product_cat":[22],"product_tag":[],"class_list":{"0":"post-147","1":"product","2":"type-product","3":"status-publish","4":"has-post-thumbnail","6":"product_cat-cerisiers","8":"first","9":"instock","10":"shipping-taxable","11":"product-type-simple"},"_links":{"self":[{"href":"https:\/\/www.lespepinsdemilio.fr\/index.php\/wp-json\/wp\/v2\/product\/147","targetHints":{"allow":["GET"]}}],"collection":[{"href":"https:\/\/www.lespepinsdemilio.fr\/index.php\/wp-json\/wp\/v2\/product"}],"about":[{"href":"https:\/\/www.lespepinsdemilio.fr\/index.php\/wp-json\/wp\/v2\/types\/product"}],"replies":[{"embeddable":true,"href":"https:\/\/www.lespepinsdemilio.fr\/index.php\/wp-json\/wp\/v2\/comments?post=147"}],"version-history":[{"count":3,"href":"https:\/\/www.lespepinsdemilio.fr\/index.php\/wp-json\/wp\/v2\/product\/147\/revisions"}],"predecessor-version":[{"id":1359,"href":"https:\/\/www.lespepinsdemilio.fr\/index.php\/wp-json\/wp\/v2\/product\/147\/revisions\/1359"}],"wp:featuredmedia":[{"embeddable":true,"href":"https:\/\/www.lespepinsdemilio.fr\/index.php\/wp-json\/wp\/v2\/media\/637"}],"wp:attachment":[{"href":"https:\/\/www.lespepinsdemilio.fr\/index.php\/wp-json\/wp\/v2\/media?parent=147"}],"wp:term":[{"taxonomy":"product_brand","embeddable":true,"href":"https:\/\/www.lespepinsdemilio.fr\/index.php\/wp-json\/wp\/v2\/product_brand?post=147"},{"taxonomy":"product_cat","embeddable":true,"href":"https:\/\/www.lespepinsdemilio.fr\/index.php\/wp-json\/wp\/v2\/product_cat?post=147"},{"taxonomy":"product_tag","embeddable":true,"href":"https:\/\/www.lespepinsdemilio.fr\/index.php\/wp-json\/wp\/v2\/product_tag?post=147"}],"curies":[{"name":"wp","href":"https:\/\/api.w.org\/{rel}","templated":true}]}}