{"id":123,"date":"2023-08-11T22:19:31","date_gmt":"2023-08-11T20:19:31","guid":{"rendered":"https:\/\/www.lespepinsdemilio.fr\/?post_type=product&#038;p=123"},"modified":"2025-08-15T11:01:37","modified_gmt":"2025-08-15T09:01:37","slug":"bigarreau-hedelfingen","status":"publish","type":"product","link":"https:\/\/www.lespepinsdemilio.fr\/index.php\/produit\/bigarreau-hedelfingen\/","title":{"rendered":"Bigarreau G\u00e9ant d&rsquo;Hedelfingen"},"content":{"rendered":"<p>FLORAISON : AVRIL<\/p>\n<p>RECOLTE : Mi juin<\/p>\n<p>UTILISATION : Consommation en frais, transformation<\/p>\n<p>POLLINISATEUR\u00a0 : Moreau, Burlat, Napol\u00e9on<\/p>\n<p>Sa floraison tardive en fait une tr\u00e8s bonne vari\u00e9t\u00e9 pour les zones froides et de moyenne altitude<\/p>\n<p>Ses fruits sont de taille moyenne, noirs, tr\u00e8s brillants.<\/p>\n<p>La chair est ferme, croquante, juteuse et parfum\u00e9e.<\/p>\n","protected":false},"excerpt":{"rendered":"<p>FLORAISON : AVRIL RECOLTE : Mi juin UTILISATION : Consommation en frais, transformation POLLINISATEUR\u00a0 : Moreau, Burlat, Napol\u00e9on Sa floraison tardive en fait une tr\u00e8s bonne vari\u00e9t\u00e9 pour les zones froides et de moyenne altitude Ses fruits sont de taille moyenne, noirs, tr\u00e8s brillants. La chair est ferme, croquante, juteuse et parfum\u00e9e.<\/p>\n","protected":false},"featured_media":632,"comment_status":"open","ping_status":"closed","template":"","meta":[],"product_brand":[],"product_cat":[22],"product_tag":[],"class_list":{"0":"post-123","1":"product","2":"type-product","3":"status-publish","4":"has-post-thumbnail","6":"product_cat-cerisiers","8":"first","9":"instock","10":"shipping-taxable","11":"product-type-simple"},"_links":{"self":[{"href":"https:\/\/www.lespepinsdemilio.fr\/index.php\/wp-json\/wp\/v2\/product\/123","targetHints":{"allow":["GET"]}}],"collection":[{"href":"https:\/\/www.lespepinsdemilio.fr\/index.php\/wp-json\/wp\/v2\/product"}],"about":[{"href":"https:\/\/www.lespepinsdemilio.fr\/index.php\/wp-json\/wp\/v2\/types\/product"}],"replies":[{"embeddable":true,"href":"https:\/\/www.lespepinsdemilio.fr\/index.php\/wp-json\/wp\/v2\/comments?post=123"}],"version-history":[{"count":3,"href":"https:\/\/www.lespepinsdemilio.fr\/index.php\/wp-json\/wp\/v2\/product\/123\/revisions"}],"predecessor-version":[{"id":1367,"href":"https:\/\/www.lespepinsdemilio.fr\/index.php\/wp-json\/wp\/v2\/product\/123\/revisions\/1367"}],"wp:featuredmedia":[{"embeddable":true,"href":"https:\/\/www.lespepinsdemilio.fr\/index.php\/wp-json\/wp\/v2\/media\/632"}],"wp:attachment":[{"href":"https:\/\/www.lespepinsdemilio.fr\/index.php\/wp-json\/wp\/v2\/media?parent=123"}],"wp:term":[{"taxonomy":"product_brand","embeddable":true,"href":"https:\/\/www.lespepinsdemilio.fr\/index.php\/wp-json\/wp\/v2\/product_brand?post=123"},{"taxonomy":"product_cat","embeddable":true,"href":"https:\/\/www.lespepinsdemilio.fr\/index.php\/wp-json\/wp\/v2\/product_cat?post=123"},{"taxonomy":"product_tag","embeddable":true,"href":"https:\/\/www.lespepinsdemilio.fr\/index.php\/wp-json\/wp\/v2\/product_tag?post=123"}],"curies":[{"name":"wp","href":"https:\/\/api.w.org\/{rel}","templated":true}]}}